{"id":27,"date":"2010-04-03T13:16:59","date_gmt":"2010-04-03T13:16:59","guid":{"rendered":"http:\/\/www.postsport-lued.de\/wordpress\/?page_id=27"},"modified":"2014-06-10T18:20:06","modified_gmt":"2014-06-10T17:20:06","slug":"tischtennis","status":"publish","type":"page","link":"http:\/\/www.postsport-lued.de\/?page_id=27","title":{"rendered":"Tischtennis"},"content":{"rendered":"<p>&nbsp;<\/p>\n<table id=\"Tabelle2\" border=\"0\" cellspacing=\"0\" cellpadding=\"0\">\n<tbody>\n<tr>\n<td colspan=\"2\"><strong>Trainingszeiten:<\/strong><\/td>\n<td width=\"215\">\u00a0<strong>Fachwart<\/strong><\/td>\n<\/tr>\n<tr>\n<td align=\"middle\" valign=\"top\" width=\"196\">\n<p><strong>Donnerstag:<\/strong><\/p>\n<p><strong>19:45-21:45 Uhr<\/strong><\/p>\n<\/td>\n<td align=\"middle\" valign=\"top\" width=\"170\">\n<p><strong>Turnhalle Tinsberg, Obertinsberger Str. 27<br \/><span style=\"font-size: xx-small;\">(Zufahrt \u00fcber Richardstra\u00dfe)<\/span><\/strong><\/p>\n<\/td>\n<td align=\"middle\" valign=\"top\">\n<p><strong>Klaus Schipper<\/strong><\/p>\n<\/td>\n<\/tr>\n<\/tbody>\n<\/table>\n<p style=\"padding-left: 60px;\"><a href=\"http:\/\/www.tischtenniskreisluedenscheid.de\/\" target=\"_blank\"><strong>Tischtennis Kreis L\u00fcdenscheid<\/strong><\/a><\/p>\n<p style=\"padding-left: 60px;\"><strong><a href=\"http:\/\/wttv.click-tt.de\/cgi-bin\/WebObjects\/nuLigaTTDE.woa\/wa\/groupPage?championship=K115+14%2F15&amp;group=225067\" target=\"_blank\">Post SV L\u00fcdenscheid bei click TT<\/a><\/strong><\/p>\n<p>&nbsp;<\/p>\n<p>Die Tischtennisabteilung wurde gegen Ende der 1960er Jahre gegr\u00fcndet.<\/p>\n<p>Der Wettkampfbetrieb beschr\u00e4nkte sich bis Anfang der 1980er Jahre auf postinterne Vergleichsspiele gegen Postsportvereine aus der n\u00e4heren und weiteren Umgebung.<\/p>\n<p>1982 wurde der Post SV L\u00fcdenscheid Mitglied beim WTTV und zur Saison 82\/83 wurde erstmals eine Mannschaft zur Teilnahme an Meisterschaftsspielen gemeldet.<\/p>\n<p>Zurzeit nimmt leider nur eine Mannschaft an der Meisterschaft teil.<\/p>\n","protected":false},"excerpt":{"rendered":"<p>&nbsp; Trainingszeiten: \u00a0Fachwart Donnerstag: 19:45-21:45 Uhr Turnhalle Tinsberg, Obertinsberger Str. 27(Zufahrt \u00fcber Richardstra\u00dfe) Klaus Schipper Tischtennis Kreis L\u00fcdenscheid Post SV L\u00fcdenscheid bei click TT &nbsp; Die Tischtennisabteilung wurde gegen Ende der 1960er Jahre gegr\u00fcndet. Der Wettkampfbetrieb beschr\u00e4nkte sich bis Anfang der 1980er Jahre auf postinterne Vergleichsspiele gegen Postsportvereine aus der n\u00e4heren und weiteren Umgebung. 1982 [&hellip;]<\/p>\n","protected":false},"author":1,"featured_media":0,"parent":0,"menu_order":2,"comment_status":"closed","ping_status":"open","template":"","meta":{"footnotes":""},"class_list":["post-27","page","type-page","status-publish","hentry"],"_links":{"self":[{"href":"http:\/\/www.postsport-lued.de\/index.php?rest_route=\/wp\/v2\/pages\/27","targetHints":{"allow":["GET"]}}],"collection":[{"href":"http:\/\/www.postsport-lued.de\/index.php?rest_route=\/wp\/v2\/pages"}],"about":[{"href":"http:\/\/www.postsport-lued.de\/index.php?rest_route=\/wp\/v2\/types\/page"}],"author":[{"embeddable":true,"href":"http:\/\/www.postsport-lued.de\/index.php?rest_route=\/wp\/v2\/users\/1"}],"replies":[{"embeddable":true,"href":"http:\/\/www.postsport-lued.de\/index.php?rest_route=%2Fwp%2Fv2%2Fcomments&post=27"}],"version-history":[{"count":24,"href":"http:\/\/www.postsport-lued.de\/index.php?rest_route=\/wp\/v2\/pages\/27\/revisions"}],"predecessor-version":[{"id":3530,"href":"http:\/\/www.postsport-lued.de\/index.php?rest_route=\/wp\/v2\/pages\/27\/revisions\/3530"}],"wp:attachment":[{"href":"http:\/\/www.postsport-lued.de\/index.php?rest_route=%2Fwp%2Fv2%2Fmedia&parent=27"}],"curies":[{"name":"wp","href":"https:\/\/api.w.org\/{rel}","templated":true}]}}