{"id":29,"date":"2010-04-03T13:17:15","date_gmt":"2010-04-03T13:17:15","guid":{"rendered":"http:\/\/www.postsport-lued.de\/wordpress\/?page_id=29"},"modified":"2012-08-04T12:29:14","modified_gmt":"2012-08-04T11:29:14","slug":"schach","status":"publish","type":"page","link":"http:\/\/www.postsport-lued.de\/?page_id=29","title":{"rendered":"Schach"},"content":{"rendered":"<p>&nbsp;<\/p>\n<table id=\"Tabelle2\" border=\"0\" cellspacing=\"0\" cellpadding=\"0\">\n<tbody>\n<tr>\n<td colspan=\"2\"><strong>Trainingszeiten:<\/strong><\/td>\n<td width=\"215\">\u00a0<\/td>\n<\/tr>\n<tr>\n<td align=\"center\" valign=\"top\" width=\"196\">\n<p><strong>Donnerstags<\/strong><\/p>\n<p><strong>19:30-21:45 Uhr<\/strong><\/p>\n<\/td>\n<td align=\"center\" valign=\"top\" width=\"170\">\n<p><strong>Obertinsberger-Stra\u00dfe 1<\/strong><\/p>\n<\/td>\n<td align=\"center\" valign=\"top\">\n<p><strong>Georg Mayer<\/strong><\/p>\n<\/td>\n<\/tr>\n<\/tbody>\n<\/table>\n<p>&nbsp;<\/p>\n<p>Am 6. November 1969 fand der erste \u00dcbungsabend der Schachgruppe Post SV L\u00fcdenscheid e.V. statt. Als erster \u00dcbungsleiter stellte sich der Schachfreund Heinz Fiegen zur Verf\u00fcgung, dem es auch zu verdanken war, da\u00df die Schachgruppe ihren Spielbetrieb aufnahm.<\/p>\n<p>1971 wurde Dieter Hendricks \u00dcbungsleiter. Er f\u00fchrte die Schachabteilung in den n\u00e4chsten Jahren mit Erfolg. Bei Mannschaftswettk\u00e4mpfen mit anderen Schachvereinen konnten achtbare Ergebnisse erzielt werden. In Blitzturnieren mit z.T. gro\u00dfer Teilnehmerzahl konnten die Mitglieder der Schachgruppe vordere Pl\u00e4tze erringen.<\/p>\n<p>Seit 1982 ist Georg Mayer neuer \u00dcbungsleiter der Schachabteilung. Leider schied in den letzten Jahren ein Teil der Mitglieder aus Alters- oder Berufsgr\u00fcnden aus; gleichzeitig lie\u00df der Zuwachs an neuen Mitspielern nach. Nur den st\u00e4ndigen Bem\u00fchungen des \u00dcbungsleiters, neue Mitglieder zu werben und Interessenten anzusprechen, war es zu verdanken, da\u00df die Schachabteilung des Post SV L\u00fcdenscheid e.V. weiterhin bestehen konnte.<\/p>\n<p>Nach wie vor finden jedes Jahr interne Vereinsmeisterschaften statt. Derzeitiger Meister ist Wilfred Nyberg, der den letzten Wettkampf mit 12 Punkten vor Georg Mayer (8 P) und Christoph Lingk (6,5 P) f\u00fcr sich entscheiden konnte.<\/p>\n<p>Viele Post-SVer nutzen auch die M\u00f6glichkeit durch Fernschach, bei dem die Z\u00fcge per Postkarte \u00fcbermittelt werden, z.T. weltweite Kontakte zu kn\u00fcpfen. Schachgruppenmitglied Wilfred Nyberg, spielt zur Zeit mit Gegnern aus der ganzen Welt und ist 2002 in der Gruppe der internationalen Schachmeister aufgestiegen.<\/p>\n<p>Die Schachabteilung des Post SV L\u00fcdenscheid e.V. bietet Anf\u00e4ngern, Hobbyspielern und Fortgeschrittenen Partner verschiedenster Spielst\u00e4rke. Wir w\u00fcrden uns freuen wenn sich Schachfreunde melden und sich mit uns donnerstags ab 20.00 Uhr in der Wilhelm-Busch-Stra\u00dfe 8 treffen. Auch Interessenten, die aus zeitlichen Gr\u00fcnden nicht regelm\u00e4\u00dfig teilnehmen k\u00f6nnen, sind uns jederzeit willkommen.<\/p>\n<p><code>[associated_posts]<\/code><\/p>\n","protected":false},"excerpt":{"rendered":"<p>&nbsp; Trainingszeiten: \u00a0 Donnerstags 19:30-21:45 Uhr Obertinsberger-Stra\u00dfe 1 Georg Mayer &nbsp; Am 6. November 1969 fand der erste \u00dcbungsabend der Schachgruppe Post SV L\u00fcdenscheid e.V. statt. Als erster \u00dcbungsleiter stellte sich der Schachfreund Heinz Fiegen zur Verf\u00fcgung, dem es auch zu verdanken war, da\u00df die Schachgruppe ihren Spielbetrieb aufnahm. 1971 wurde Dieter Hendricks \u00dcbungsleiter. Er [&hellip;]<\/p>\n","protected":false},"author":1,"featured_media":0,"parent":0,"menu_order":3,"comment_status":"closed","ping_status":"open","template":"","meta":{"footnotes":""},"class_list":["post-29","page","type-page","status-publish","hentry"],"_links":{"self":[{"href":"http:\/\/www.postsport-lued.de\/index.php?rest_route=\/wp\/v2\/pages\/29","targetHints":{"allow":["GET"]}}],"collection":[{"href":"http:\/\/www.postsport-lued.de\/index.php?rest_route=\/wp\/v2\/pages"}],"about":[{"href":"http:\/\/www.postsport-lued.de\/index.php?rest_route=\/wp\/v2\/types\/page"}],"author":[{"embeddable":true,"href":"http:\/\/www.postsport-lued.de\/index.php?rest_route=\/wp\/v2\/users\/1"}],"replies":[{"embeddable":true,"href":"http:\/\/www.postsport-lued.de\/index.php?rest_route=%2Fwp%2Fv2%2Fcomments&post=29"}],"version-history":[{"count":34,"href":"http:\/\/www.postsport-lued.de\/index.php?rest_route=\/wp\/v2\/pages\/29\/revisions"}],"predecessor-version":[{"id":2325,"href":"http:\/\/www.postsport-lued.de\/index.php?rest_route=\/wp\/v2\/pages\/29\/revisions\/2325"}],"wp:attachment":[{"href":"http:\/\/www.postsport-lued.de\/index.php?rest_route=%2Fwp%2Fv2%2Fmedia&parent=29"}],"curies":[{"name":"wp","href":"https:\/\/api.w.org\/{rel}","templated":true}]}}