{"id":31,"date":"2010-04-03T13:17:41","date_gmt":"2010-04-03T13:17:41","guid":{"rendered":"http:\/\/www.postsport-lued.de\/wordpress\/?page_id=31"},"modified":"2012-08-04T12:29:55","modified_gmt":"2012-08-04T11:29:55","slug":"sport-fur-jedermann","status":"publish","type":"page","link":"http:\/\/www.postsport-lued.de\/?page_id=31","title":{"rendered":"Sport f\u00fcr Jedermann"},"content":{"rendered":"<p>&nbsp;<\/p>\n<table id=\"Tabelle2\" border=\"0\" cellspacing=\"0\" cellpadding=\"0\">\n<tbody>\n<tr>\n<td colspan=\"2\"><strong>Trainingszeiten:<\/strong><\/td>\n<td width=\"215\">\u00a0<strong>Fachwart<\/strong><\/td>\n<\/tr>\n<tr>\n<td style=\"text-align: center;\" valign=\"top\" width=\"196\">\n<p><strong>Mittwochs<\/strong><\/p>\n<p style=\"text-align: center;\"><strong>19:45-21:45 Uhr<\/strong><\/p>\n<\/td>\n<td style=\"text-align: center;\" valign=\"top\" width=\"170\">\n<p><strong>Turnhalle Tinsberg, Obertinsberger Str. 27<br \/><span style=\"font-size: xx-small;\">(Zufahrt \u00fcber Richardstra\u00dfe)<\/span><\/strong><\/p>\n<\/td>\n<td style=\"text-align: center;\" valign=\"top\">\n<p style=\"text-align: center;\"><strong><\/strong>\u00a0<\/p>\n<\/td>\n<\/tr>\n<\/tbody>\n<\/table>\n<p>&nbsp;<\/p>\n<p>Es begann vor nunmehr 25 Jahren.<\/p>\n<p>Mit der Gr\u00fcndung des Post SV im Jahre 1965 fand sich eine Gruppe Sportinteressierter, die bereits nach kurzer Zeit geteilt wurde in eine reine Fu\u00dfballabteilung und die Abteilung \u201eSport f\u00fcr jedermann&#8220;.<\/p>\n<p>Als \u00dcbungsst\u00e4tte standen dieser neuen Abteilung des noch jungen Post SV zun\u00e4chst die Turnhalle des Geschwister-Scholl-Gymnasiums, sp\u00e4ter die Turnhalle Wefelsohl und seit 1972 die Turnhalle Obertinsberg zur Verf\u00fcgung.<\/p>\n<p>Fachwart der Abteilung \u201eSport f\u00fcr jedermann&#8220; war von 1965 bis 1976 der damals noch im aktiven Dienstverh\u00e4ltnis stehende Kollege und Sportkamerad Ferdinand Breidenbach. Ihm sei an dieser Stelle nochmals f\u00fcr seine gute Arbeit in dieser Sportabteilung gedankt.<\/p>\n<p>Im M\u00e4rz 1976 habe ich sein Amt als Fachwart \u00fcbernommen. Das sportliche Angebot hat sich bisher nicht wesentlich ver\u00e4ndert. Nach wie vor sind die \u00dcbungszeiten mittwochs von 19.45 bis 21.45 Uhr. Unser vielf\u00e4ltiges und abwechslungsreiches \u00dcbungsangebot besteht haupts\u00e4chlich aus den Grundsportarten \u201eKonditionstraining, Gymnastik, Ballspiele und Hallenfu\u00dfball&#8220;.<\/p>\n<p>Im Bereich der Gymnastik sind wir jedoch mit der Zeit gegangen und haben diese zum gro\u00dfen Teil durch das heute bekannte \u201eStretching&#8220; ersetzt. Gerade auf dem Gebiet der gymnastischen Bewegungen ist man aus sportmedizinischer Sicht zu neuen Erkenntnissen gekommen. Hier ist e s wichtig, sich se zu bewegen, da\u00df gesundheitliche Sch\u00e4den vermieden werden. Die urspr\u00fcnglich oft abrupten Bewegungen bei der Gymnastik sind dabei von ruhigen Dehn\u00fcbungen abgel\u00f6st worden.<\/p>\n<p>Personell sind diese vielen Jahre nat\u00fcrlich mit einer entsprechenden Fluktuation einhergegangen. Zerbrochen ist diese Abteilung jedoch nicht. Auch als Mitte der 70er Jahre ein Teil unserer Aktiven die Abteilung \u201eVolleyball&#8220; gr\u00fcndeten, die heute schon lange nicht mehr besteht, waren wir nicht \u201eklein zu kriegen&#8220;.<\/p>\n<p>Heute ist \u201eSport f\u00fcr jedermann&#8220; eine homogene Abteilung des Post SV Die Altersspanne der hier Aktiven bewegt sich von 21 bis 50 Jahren.<\/p>\n<p>Neben dem w\u00f6chentlichen Sportprogramm gibt es gelegentlich gesellige Zusammenk\u00fcnfte. So erinnern wir uns ganz besonders gern an unsere \u201eGrillparty&#8220; mit Familienangeh\u00f6rigen im Sommer 1988. Auch ist so manche Weihnachtsfeier noch in besonders guter Erinnerung.<\/p>\n<p>Bleibt zu hoffen, da\u00df \u201eSport f\u00fcr jedermann&#8220; auch in den n\u00e4chsten 25 Jahren bestehen bleibt. In einer sich immer schneller wandelnden Zeit durchaus keine Selbstverst\u00e4ndlichkeit, denn die Art der Freizeitgestaltung hat sich in den letzten Jahren doch stark ver\u00e4ndert. So werden heute \u201eMode-Sportarten&#8220; wie z.B. Bodybuilding, Tennis o.\u00e4. den herk\u00f6mmlichen Sportarten oft vorgezogen, auch wenn sie wesentlich kostentr\u00e4chtiger sind. Nur eine Zeiterscheinung? Diese Frage wird die Zukunft beantworten. Fest steht, da\u00df sich alles wandelt, auch der Sport.<\/p>\n<p>Unsere Aufgabe wird sein, ein Sportprogramm zu entwickeln und anzubieten, welches Spa\u00df macht und die Gesundheit f\u00f6rdert.<\/p>\n","protected":false},"excerpt":{"rendered":"<p>&nbsp; Trainingszeiten: \u00a0Fachwart Mittwochs 19:45-21:45 Uhr Turnhalle Tinsberg, Obertinsberger Str. 27(Zufahrt \u00fcber Richardstra\u00dfe) \u00a0 &nbsp; Es begann vor nunmehr 25 Jahren. Mit der Gr\u00fcndung des Post SV im Jahre 1965 fand sich eine Gruppe Sportinteressierter, die bereits nach kurzer Zeit geteilt wurde in eine reine Fu\u00dfballabteilung und die Abteilung \u201eSport f\u00fcr jedermann&#8220;. Als \u00dcbungsst\u00e4tte standen [&hellip;]<\/p>\n","protected":false},"author":1,"featured_media":0,"parent":0,"menu_order":4,"comment_status":"closed","ping_status":"open","template":"","meta":{"footnotes":""},"class_list":["post-31","page","type-page","status-publish","hentry"],"_links":{"self":[{"href":"http:\/\/www.postsport-lued.de\/index.php?rest_route=\/wp\/v2\/pages\/31","targetHints":{"allow":["GET"]}}],"collection":[{"href":"http:\/\/www.postsport-lued.de\/index.php?rest_route=\/wp\/v2\/pages"}],"about":[{"href":"http:\/\/www.postsport-lued.de\/index.php?rest_route=\/wp\/v2\/types\/page"}],"author":[{"embeddable":true,"href":"http:\/\/www.postsport-lued.de\/index.php?rest_route=\/wp\/v2\/users\/1"}],"replies":[{"embeddable":true,"href":"http:\/\/www.postsport-lued.de\/index.php?rest_route=%2Fwp%2Fv2%2Fcomments&post=31"}],"version-history":[{"count":24,"href":"http:\/\/www.postsport-lued.de\/index.php?rest_route=\/wp\/v2\/pages\/31\/revisions"}],"predecessor-version":[{"id":320,"href":"http:\/\/www.postsport-lued.de\/index.php?rest_route=\/wp\/v2\/pages\/31\/revisions\/320"}],"wp:attachment":[{"href":"http:\/\/www.postsport-lued.de\/index.php?rest_route=%2Fwp%2Fv2%2Fmedia&parent=31"}],"curies":[{"name":"wp","href":"https:\/\/api.w.org\/{rel}","templated":true}]}}